{"id":85,"date":"2025-09-14T20:53:39","date_gmt":"2025-09-14T18:53:39","guid":{"rendered":"http:\/\/ewelina-beben.profesjonalnyprogramista.pl\/?page_id=85"},"modified":"2025-10-14T09:01:47","modified_gmt":"2025-10-14T07:01:47","slug":"moje-wpisy","status":"publish","type":"page","link":"http:\/\/ewelina-beben.profesjonalnyprogramista.pl\/?page_id=85","title":{"rendered":"Moje wpisy"},"content":{"rendered":"\n<div class=\"wp-block-group alignfull has-ti-bg-alt-background-color has-background is-layout-constrained wp-block-group-is-layout-constrained\" style=\"margin-top:0px;margin-bottom:0px;padding-top:64px;padding-bottom:63px\">\n<div class=\"wp-block-columns alignwide has-ti-bg-background-color has-background is-layout-flex wp-container-core-columns-is-layout-af7919c9 wp-block-columns-is-layout-flex\" style=\"padding-top:0px;padding-right:0px;padding-bottom:0px;padding-left:0px\">\n<div class=\"wp-block-column has-ti-bg-background-color has-background is-layout-flow wp-container-core-column-is-layout-47e5a185 wp-block-column-is-layout-flow\">\n<figure class=\"wp-block-image size-large size-full\"><img data-opt-id=1559917191  fetchpriority=\"high\" decoding=\"async\" width=\"1024\" height=\"574\" src=\"https:\/\/mlb55nihrfbl.i.optimole.com\/w:1024\/h:574\/q:mauto\/ig:avif\/http:\/\/ewelina-beben.profesjonalnyprogramista.pl\/wp-content\/uploads\/2025\/10\/still-life-red-thread-connection2.jpg\" alt=\"\" class=\"wp-image-273\" srcset=\"https:\/\/mlb55nihrfbl.i.optimole.com\/w:1024\/h:574\/q:mauto\/ig:avif\/http:\/\/ewelina-beben.profesjonalnyprogramista.pl\/wp-content\/uploads\/2025\/10\/still-life-red-thread-connection2-scaled.jpg 1024w, https:\/\/mlb55nihrfbl.i.optimole.com\/w:300\/h:168\/q:mauto\/ig:avif\/http:\/\/ewelina-beben.profesjonalnyprogramista.pl\/wp-content\/uploads\/2025\/10\/still-life-red-thread-connection2-scaled.jpg 300w, https:\/\/mlb55nihrfbl.i.optimole.com\/w:768\/h:430\/q:mauto\/ig:avif\/http:\/\/ewelina-beben.profesjonalnyprogramista.pl\/wp-content\/uploads\/2025\/10\/still-life-red-thread-connection2-scaled.jpg 768w, https:\/\/mlb55nihrfbl.i.optimole.com\/w:1536\/h:861\/q:mauto\/ig:avif\/http:\/\/ewelina-beben.profesjonalnyprogramista.pl\/wp-content\/uploads\/2025\/10\/still-life-red-thread-connection2-scaled.jpg 1536w, https:\/\/mlb55nihrfbl.i.optimole.com\/w:1920\/h:1076\/q:mauto\/ig:avif\/http:\/\/ewelina-beben.profesjonalnyprogramista.pl\/wp-content\/uploads\/2025\/10\/still-life-red-thread-connection2-scaled.jpg 2048w\" sizes=\"(max-width: 1000px) 100vw, 1000px\" \/><\/figure>\n<\/div>\n\n\n\n<div class=\"wp-block-column is-vertically-aligned-center has-ti-bg-background-color has-background is-layout-flow wp-block-column-is-layout-flow\" style=\"padding-top:24px;padding-right:24px;padding-bottom:24px;padding-left:24px\">\n<p class=\"has-small-font-size\" style=\"text-transform:uppercase\"><strong>SOLID<\/strong><\/p>\n\n\n\n<h2 class=\"wp-block-heading has-medium-font-size\">Zasada Odwr\u00f3cenia Zale\u017cno\u015bci<\/h2>\n\n\n\n<p>Poznaj pi\u0105t\u0105 zasad\u0119 SOLID na przyk\u0142adzie prefabrykacji \u017celbetowej<\/p>\n\n\n\n<div class=\"wp-block-buttons is-layout-flex wp-block-buttons-is-layout-flex\">\n<div class=\"wp-block-button\"><a class=\"wp-block-button__link wp-element-button\" href=\"https:\/\/ewelina-beben.profesjonalnyprogramista.pl\/?p=272\">Dowiedz si\u0119 wi\u0119cej<\/a><\/div>\n<\/div>\n<\/div>\n<\/div>\n\n\n\n<div class=\"wp-block-columns alignwide has-ti-bg-background-color has-background is-layout-flex wp-container-core-columns-is-layout-af7919c9 wp-block-columns-is-layout-flex\" style=\"padding-top:0px;padding-right:0px;padding-bottom:0px;padding-left:0px\">\n<div class=\"wp-block-column has-ti-bg-background-color has-background is-layout-flow wp-container-core-column-is-layout-47e5a185 wp-block-column-is-layout-flow\">\n<figure class=\"wp-block-image size-full\"><img data-opt-id=1110398927  fetchpriority=\"high\" decoding=\"async\" width=\"2560\" height=\"1435\" src=\"https:\/\/mlb55nihrfbl.i.optimole.com\/w:auto\/h:auto\/q:mauto\/ig:avif\/http:\/\/ewelina-beben.profesjonalnyprogramista.pl\/wp-content\/uploads\/2025\/10\/f2a47325-274a-4480-95f0-de7a0e6cca3e2-scaled.jpg\" alt=\"\" class=\"wp-image-268\" srcset=\"https:\/\/mlb55nihrfbl.i.optimole.com\/w:1920\/h:1076\/q:mauto\/ig:avif\/http:\/\/ewelina-beben.profesjonalnyprogramista.pl\/wp-content\/uploads\/2025\/10\/f2a47325-274a-4480-95f0-de7a0e6cca3e2-scaled.jpg 2560w, https:\/\/mlb55nihrfbl.i.optimole.com\/w:300\/h:168\/q:mauto\/ig:avif\/http:\/\/ewelina-beben.profesjonalnyprogramista.pl\/wp-content\/uploads\/2025\/10\/f2a47325-274a-4480-95f0-de7a0e6cca3e2-scaled.jpg 300w, https:\/\/mlb55nihrfbl.i.optimole.com\/w:1024\/h:574\/q:mauto\/ig:avif\/http:\/\/ewelina-beben.profesjonalnyprogramista.pl\/wp-content\/uploads\/2025\/10\/f2a47325-274a-4480-95f0-de7a0e6cca3e2-scaled.jpg 1024w, https:\/\/mlb55nihrfbl.i.optimole.com\/w:768\/h:430\/q:mauto\/ig:avif\/http:\/\/ewelina-beben.profesjonalnyprogramista.pl\/wp-content\/uploads\/2025\/10\/f2a47325-274a-4480-95f0-de7a0e6cca3e2-scaled.jpg 768w, https:\/\/mlb55nihrfbl.i.optimole.com\/w:1536\/h:861\/q:mauto\/ig:avif\/http:\/\/ewelina-beben.profesjonalnyprogramista.pl\/wp-content\/uploads\/2025\/10\/f2a47325-274a-4480-95f0-de7a0e6cca3e2-scaled.jpg 1536w, https:\/\/mlb55nihrfbl.i.optimole.com\/w:1920\/h:1076\/q:mauto\/ig:avif\/http:\/\/ewelina-beben.profesjonalnyprogramista.pl\/wp-content\/uploads\/2025\/10\/f2a47325-274a-4480-95f0-de7a0e6cca3e2-scaled.jpg 2048w\" sizes=\"(max-width: 1000px) 100vw, 1000px\" \/><\/figure>\n<\/div>\n\n\n\n<div class=\"wp-block-column is-vertically-aligned-center has-ti-bg-background-color has-background is-layout-flow wp-block-column-is-layout-flow\" style=\"padding-top:24px;padding-right:24px;padding-bottom:24px;padding-left:24px\">\n<p class=\"has-small-font-size\" style=\"text-transform:uppercase\"><strong>SOLID<\/strong><\/p>\n\n\n\n<h2 class=\"wp-block-heading has-medium-font-size\">Zasada Segregacji Interfejs\u00f3w<\/h2>\n\n\n\n<p>Poznaj czwart\u0105 zasad\u0119 SOLID na przyk\u0142adzie prefabrykacji \u017celbetowej<\/p>\n\n\n\n<div class=\"wp-block-buttons is-layout-flex wp-block-buttons-is-layout-flex\">\n<div class=\"wp-block-button\"><a class=\"wp-block-button__link wp-element-button\" href=\"https:\/\/ewelina-beben.profesjonalnyprogramista.pl\/?p=267\">Dowiedz si\u0119 wi\u0119cej<\/a><\/div>\n<\/div>\n<\/div>\n<\/div>\n\n\n\n<div class=\"wp-block-columns alignwide has-ti-bg-background-color has-background is-layout-flex wp-container-core-columns-is-layout-af7919c9 wp-block-columns-is-layout-flex\" style=\"padding-top:0px;padding-right:0px;padding-bottom:0px;padding-left:0px\">\n<div class=\"wp-block-column has-ti-bg-background-color has-background is-layout-flow wp-container-core-column-is-layout-47e5a185 wp-block-column-is-layout-flow\">\n<figure class=\"wp-block-image size-full\"><img data-opt-id=458294445  data-opt-src=\"https:\/\/mlb55nihrfbl.i.optimole.com\/w:auto\/h:auto\/q:mauto\/ig:avif\/http:\/\/ewelina-beben.profesjonalnyprogramista.pl\/wp-content\/uploads\/2025\/10\/chance-word-table2-scaled.jpg\"  decoding=\"async\" width=\"2560\" height=\"1435\" src=\"data:image/svg+xml,%3Csvg%20viewBox%3D%220%200%20100%%20100%%22%20width%3D%22100%%22%20height%3D%22100%%22%20xmlns%3D%22http%3A%2F%2Fwww.w3.org%2F2000%2Fsvg%22%3E%3Crect%20width%3D%22100%%22%20height%3D%22100%%22%20fill%3D%22transparent%22%2F%3E%3C%2Fsvg%3E\" alt=\"\" class=\"wp-image-256\" old-srcset=\"https:\/\/mlb55nihrfbl.i.optimole.com\/w:1920\/h:1076\/q:mauto\/ig:avif\/http:\/\/ewelina-beben.profesjonalnyprogramista.pl\/wp-content\/uploads\/2025\/10\/chance-word-table2-scaled.jpg 2560w, https:\/\/mlb55nihrfbl.i.optimole.com\/w:300\/h:168\/q:mauto\/ig:avif\/http:\/\/ewelina-beben.profesjonalnyprogramista.pl\/wp-content\/uploads\/2025\/10\/chance-word-table2-scaled.jpg 300w, https:\/\/mlb55nihrfbl.i.optimole.com\/w:1024\/h:574\/q:mauto\/ig:avif\/http:\/\/ewelina-beben.profesjonalnyprogramista.pl\/wp-content\/uploads\/2025\/10\/chance-word-table2-scaled.jpg 1024w, https:\/\/mlb55nihrfbl.i.optimole.com\/w:768\/h:430\/q:mauto\/ig:avif\/http:\/\/ewelina-beben.profesjonalnyprogramista.pl\/wp-content\/uploads\/2025\/10\/chance-word-table2-scaled.jpg 768w, https:\/\/mlb55nihrfbl.i.optimole.com\/w:1536\/h:861\/q:mauto\/ig:avif\/http:\/\/ewelina-beben.profesjonalnyprogramista.pl\/wp-content\/uploads\/2025\/10\/chance-word-table2-scaled.jpg 1536w, https:\/\/mlb55nihrfbl.i.optimole.com\/w:1920\/h:1076\/q:mauto\/ig:avif\/http:\/\/ewelina-beben.profesjonalnyprogramista.pl\/wp-content\/uploads\/2025\/10\/chance-word-table2-scaled.jpg 2048w\" \/><\/figure>\n<\/div>\n\n\n\n<div class=\"wp-block-column is-vertically-aligned-center has-ti-bg-background-color has-background is-layout-flow wp-block-column-is-layout-flow\" style=\"padding-top:24px;padding-right:24px;padding-bottom:24px;padding-left:24px\">\n<p class=\"has-small-font-size\" style=\"text-transform:uppercase\"><strong>SOLID<\/strong><\/p>\n\n\n\n<h2 class=\"wp-block-heading has-medium-font-size\">Liskov Substitution Principle<\/h2>\n\n\n\n<p>Poznaj trzeci\u0105 zasad\u0119 SOLID na przyk\u0142adzie prefabrykacji \u017celbetowej<\/p>\n\n\n\n<div class=\"wp-block-buttons is-layout-flex wp-block-buttons-is-layout-flex\">\n<div class=\"wp-block-button\"><a class=\"wp-block-button__link wp-element-button\" href=\"https:\/\/ewelina-beben.profesjonalnyprogramista.pl\/?p=255\">Dowiedz si\u0119 wi\u0119cej<\/a><\/div>\n<\/div>\n<\/div>\n<\/div>\n\n\n\n<div class=\"wp-block-columns alignwide has-ti-bg-background-color has-background is-layout-flex wp-container-core-columns-is-layout-af7919c9 wp-block-columns-is-layout-flex\" style=\"padding-top:0px;padding-right:0px;padding-bottom:0px;padding-left:0px\">\n<div class=\"wp-block-column has-ti-bg-background-color has-background is-layout-flow wp-container-core-column-is-layout-47e5a185 wp-block-column-is-layout-flow\">\n<figure class=\"wp-block-image size-large size-full\"><img data-opt-id=1849446320  data-opt-src=\"https:\/\/mlb55nihrfbl.i.optimole.com\/w:1024\/h:574\/q:mauto\/ig:avif\/http:\/\/ewelina-beben.profesjonalnyprogramista.pl\/wp-content\/uploads\/2025\/10\/6670_2.jpg\"  decoding=\"async\" width=\"1024\" height=\"574\" src=\"data:image/svg+xml,%3Csvg%20viewBox%3D%220%200%201024%20574%22%20width%3D%221024%22%20height%3D%22574%22%20xmlns%3D%22http%3A%2F%2Fwww.w3.org%2F2000%2Fsvg%22%3E%3Crect%20width%3D%221024%22%20height%3D%22574%22%20fill%3D%22transparent%22%2F%3E%3C%2Fsvg%3E\" alt=\"\" class=\"wp-image-249\" old-srcset=\"https:\/\/mlb55nihrfbl.i.optimole.com\/w:1024\/h:574\/q:mauto\/ig:avif\/http:\/\/ewelina-beben.profesjonalnyprogramista.pl\/wp-content\/uploads\/2025\/10\/6670_2-scaled.jpg 1024w, https:\/\/mlb55nihrfbl.i.optimole.com\/w:300\/h:168\/q:mauto\/ig:avif\/http:\/\/ewelina-beben.profesjonalnyprogramista.pl\/wp-content\/uploads\/2025\/10\/6670_2-scaled.jpg 300w, https:\/\/mlb55nihrfbl.i.optimole.com\/w:768\/h:430\/q:mauto\/ig:avif\/http:\/\/ewelina-beben.profesjonalnyprogramista.pl\/wp-content\/uploads\/2025\/10\/6670_2-scaled.jpg 768w, https:\/\/mlb55nihrfbl.i.optimole.com\/w:1536\/h:861\/q:mauto\/ig:avif\/http:\/\/ewelina-beben.profesjonalnyprogramista.pl\/wp-content\/uploads\/2025\/10\/6670_2-scaled.jpg 1536w, https:\/\/mlb55nihrfbl.i.optimole.com\/w:1920\/h:1076\/q:mauto\/ig:avif\/http:\/\/ewelina-beben.profesjonalnyprogramista.pl\/wp-content\/uploads\/2025\/10\/6670_2-scaled.jpg 2048w\" \/><\/figure>\n<\/div>\n\n\n\n<div class=\"wp-block-column is-vertically-aligned-center has-ti-bg-background-color has-background is-layout-flow wp-block-column-is-layout-flow\" style=\"padding-top:24px;padding-right:24px;padding-bottom:24px;padding-left:24px\">\n<p class=\"has-small-font-size\" style=\"text-transform:uppercase\"><strong>SOLID<\/strong><\/p>\n\n\n\n<h2 class=\"wp-block-heading has-medium-font-size\">Open Close Principle<\/h2>\n\n\n\n<p>Poznaj drug\u0105 zasad\u0119 SOLID na przyk\u0142adzie prefabrykacji \u017celbetowej<\/p>\n\n\n\n<div class=\"wp-block-buttons is-layout-flex wp-block-buttons-is-layout-flex\">\n<div class=\"wp-block-button\"><a class=\"wp-block-button__link wp-element-button\" href=\"https:\/\/ewelina-beben.profesjonalnyprogramista.pl\/?p=248\">Dowiedz si\u0119 wi\u0119cej<\/a><\/div>\n<\/div>\n<\/div>\n<\/div>\n\n\n\n<div class=\"wp-block-columns alignwide has-ti-bg-background-color has-background is-layout-flex wp-container-core-columns-is-layout-af7919c9 wp-block-columns-is-layout-flex\" style=\"padding-top:0px;padding-right:0px;padding-bottom:0px;padding-left:0px\">\n<div class=\"wp-block-column has-ti-bg-background-color has-background is-layout-flow wp-container-core-column-is-layout-47e5a185 wp-block-column-is-layout-flow\">\n<figure class=\"wp-block-image size-full\"><img data-opt-id=1811341158  data-opt-src=\"https:\/\/mlb55nihrfbl.i.optimole.com\/w:auto\/h:auto\/q:mauto\/ig:avif\/http:\/\/ewelina-beben.profesjonalnyprogramista.pl\/wp-content\/uploads\/2025\/10\/standard-quality-control-collage-concept3-scaled.jpg\"  decoding=\"async\" width=\"2560\" height=\"1435\" src=\"data:image/svg+xml,%3Csvg%20viewBox%3D%220%200%20100%%20100%%22%20width%3D%22100%%22%20height%3D%22100%%22%20xmlns%3D%22http%3A%2F%2Fwww.w3.org%2F2000%2Fsvg%22%3E%3Crect%20width%3D%22100%%22%20height%3D%22100%%22%20fill%3D%22transparent%22%2F%3E%3C%2Fsvg%3E\" alt=\"\" class=\"wp-image-247\" old-srcset=\"https:\/\/mlb55nihrfbl.i.optimole.com\/w:1920\/h:1076\/q:mauto\/ig:avif\/http:\/\/ewelina-beben.profesjonalnyprogramista.pl\/wp-content\/uploads\/2025\/10\/standard-quality-control-collage-concept3-scaled.jpg 2560w, https:\/\/mlb55nihrfbl.i.optimole.com\/w:300\/h:168\/q:mauto\/ig:avif\/http:\/\/ewelina-beben.profesjonalnyprogramista.pl\/wp-content\/uploads\/2025\/10\/standard-quality-control-collage-concept3-scaled.jpg 300w, https:\/\/mlb55nihrfbl.i.optimole.com\/w:1024\/h:574\/q:mauto\/ig:avif\/http:\/\/ewelina-beben.profesjonalnyprogramista.pl\/wp-content\/uploads\/2025\/10\/standard-quality-control-collage-concept3-scaled.jpg 1024w, https:\/\/mlb55nihrfbl.i.optimole.com\/w:768\/h:430\/q:mauto\/ig:avif\/http:\/\/ewelina-beben.profesjonalnyprogramista.pl\/wp-content\/uploads\/2025\/10\/standard-quality-control-collage-concept3-scaled.jpg 768w, https:\/\/mlb55nihrfbl.i.optimole.com\/w:1536\/h:861\/q:mauto\/ig:avif\/http:\/\/ewelina-beben.profesjonalnyprogramista.pl\/wp-content\/uploads\/2025\/10\/standard-quality-control-collage-concept3-scaled.jpg 1536w, https:\/\/mlb55nihrfbl.i.optimole.com\/w:1920\/h:1076\/q:mauto\/ig:avif\/http:\/\/ewelina-beben.profesjonalnyprogramista.pl\/wp-content\/uploads\/2025\/10\/standard-quality-control-collage-concept3-scaled.jpg 2048w\" \/><\/figure>\n<\/div>\n\n\n\n<div class=\"wp-block-column is-vertically-aligned-center has-ti-bg-background-color has-background is-layout-flow wp-block-column-is-layout-flow\" style=\"padding-top:24px;padding-right:24px;padding-bottom:24px;padding-left:24px\">\n<p class=\"has-small-font-size\" style=\"text-transform:uppercase\"><strong>SOLID<\/strong><\/p>\n\n\n\n<h2 class=\"wp-block-heading has-medium-font-size\"><strong>Zasada pojedynczej odpowiedzialno\u015bci<\/strong><\/h2>\n\n\n\n<p>Poznaj pierwsz\u0105 zasad\u0119 SOLID na przyk\u0142adzie prefabrykacji \u017celbetowej<\/p>\n\n\n\n<div class=\"wp-block-buttons is-layout-flex wp-block-buttons-is-layout-flex\">\n<div class=\"wp-block-button\"><a class=\"wp-block-button__link wp-element-button\" href=\"https:\/\/ewelina-beben.profesjonalnyprogramista.pl\/?p=237\">Dowiedz si\u0119 wi\u0119cej<\/a><\/div>\n<\/div>\n<\/div>\n<\/div>\n\n\n\n<div class=\"wp-block-columns alignwide has-ti-bg-background-color has-background is-layout-flex wp-container-core-columns-is-layout-af7919c9 wp-block-columns-is-layout-flex\" style=\"padding-top:0px;padding-right:0px;padding-bottom:0px;padding-left:0px\">\n<div class=\"wp-block-column has-ti-bg-background-color has-background is-layout-flow wp-container-core-column-is-layout-47e5a185 wp-block-column-is-layout-flow\">\n<figure class=\"wp-block-image size-full\"><img data-opt-id=1018468724  data-opt-src=\"https:\/\/mlb55nihrfbl.i.optimole.com\/w:auto\/h:auto\/q:mauto\/ig:avif\/http:\/\/ewelina-beben.profesjonalnyprogramista.pl\/wp-content\/uploads\/2025\/10\/factory2-scaled.jpg\"  decoding=\"async\" width=\"2560\" height=\"1435\" src=\"data:image/svg+xml,%3Csvg%20viewBox%3D%220%200%20100%%20100%%22%20width%3D%22100%%22%20height%3D%22100%%22%20xmlns%3D%22http%3A%2F%2Fwww.w3.org%2F2000%2Fsvg%22%3E%3Crect%20width%3D%22100%%22%20height%3D%22100%%22%20fill%3D%22transparent%22%2F%3E%3C%2Fsvg%3E\" alt=\"\" class=\"wp-image-211\" old-srcset=\"https:\/\/mlb55nihrfbl.i.optimole.com\/w:1920\/h:1076\/q:mauto\/ig:avif\/http:\/\/ewelina-beben.profesjonalnyprogramista.pl\/wp-content\/uploads\/2025\/10\/factory2-scaled.jpg 2560w, https:\/\/mlb55nihrfbl.i.optimole.com\/w:300\/h:168\/q:mauto\/ig:avif\/http:\/\/ewelina-beben.profesjonalnyprogramista.pl\/wp-content\/uploads\/2025\/10\/factory2-scaled.jpg 300w, https:\/\/mlb55nihrfbl.i.optimole.com\/w:1024\/h:574\/q:mauto\/ig:avif\/http:\/\/ewelina-beben.profesjonalnyprogramista.pl\/wp-content\/uploads\/2025\/10\/factory2-scaled.jpg 1024w, https:\/\/mlb55nihrfbl.i.optimole.com\/w:768\/h:430\/q:mauto\/ig:avif\/http:\/\/ewelina-beben.profesjonalnyprogramista.pl\/wp-content\/uploads\/2025\/10\/factory2-scaled.jpg 768w, https:\/\/mlb55nihrfbl.i.optimole.com\/w:1536\/h:861\/q:mauto\/ig:avif\/http:\/\/ewelina-beben.profesjonalnyprogramista.pl\/wp-content\/uploads\/2025\/10\/factory2-scaled.jpg 1536w, https:\/\/mlb55nihrfbl.i.optimole.com\/w:1920\/h:1076\/q:mauto\/ig:avif\/http:\/\/ewelina-beben.profesjonalnyprogramista.pl\/wp-content\/uploads\/2025\/10\/factory2-scaled.jpg 2048w\" \/><\/figure>\n<\/div>\n\n\n\n<div class=\"wp-block-column is-vertically-aligned-center has-ti-bg-background-color has-background is-layout-flow wp-block-column-is-layout-flow\" style=\"padding-top:24px;padding-right:24px;padding-bottom:24px;padding-left:24px\">\n<p class=\"has-small-font-size\" style=\"text-transform:uppercase\"><strong><strong>WZORCE PROJEKTOWE<\/strong><\/strong><\/p>\n\n\n\n<h2 class=\"wp-block-heading has-medium-font-size\">Fabryka<\/h2>\n\n\n\n<p>Poznaj wzorzec projektowy Fabryka na przyk\u0142adzie prefabrykacji \u017celbetowej<\/p>\n\n\n\n<div class=\"wp-block-buttons is-layout-flex wp-block-buttons-is-layout-flex\">\n<div class=\"wp-block-button\"><a class=\"wp-block-button__link wp-element-button\" href=\"http:\/\/ewelina-beben.profesjonalnyprogramista.pl\/?p=208\">Dowiedz si\u0119 wi\u0119cej<\/a><\/div>\n<\/div>\n<\/div>\n<\/div>\n\n\n\n<div class=\"wp-block-columns alignwide has-ti-bg-background-color has-background is-layout-flex wp-container-core-columns-is-layout-af7919c9 wp-block-columns-is-layout-flex\" style=\"padding-top:0px;padding-right:0px;padding-bottom:0px;padding-left:0px\">\n<div class=\"wp-block-column has-ti-bg-background-color has-background is-layout-flow wp-container-core-column-is-layout-47e5a185 wp-block-column-is-layout-flow\">\n<figure class=\"wp-block-image size-full\"><img data-opt-id=576500782  data-opt-src=\"https:\/\/mlb55nihrfbl.i.optimole.com\/w:auto\/h:auto\/q:mauto\/ig:avif\/http:\/\/ewelina-beben.profesjonalnyprogramista.pl\/wp-content\/uploads\/2025\/10\/construction-worker4-scaled.jpg\"  decoding=\"async\" width=\"2560\" height=\"1435\" src=\"data:image/svg+xml,%3Csvg%20viewBox%3D%220%200%20100%%20100%%22%20width%3D%22100%%22%20height%3D%22100%%22%20xmlns%3D%22http%3A%2F%2Fwww.w3.org%2F2000%2Fsvg%22%3E%3Crect%20width%3D%22100%%22%20height%3D%22100%%22%20fill%3D%22transparent%22%2F%3E%3C%2Fsvg%3E\" alt=\"\" class=\"wp-image-201\" old-srcset=\"https:\/\/mlb55nihrfbl.i.optimole.com\/w:1920\/h:1076\/q:mauto\/ig:avif\/http:\/\/ewelina-beben.profesjonalnyprogramista.pl\/wp-content\/uploads\/2025\/10\/construction-worker4-scaled.jpg 2560w, https:\/\/mlb55nihrfbl.i.optimole.com\/w:300\/h:168\/q:mauto\/ig:avif\/http:\/\/ewelina-beben.profesjonalnyprogramista.pl\/wp-content\/uploads\/2025\/10\/construction-worker4-scaled.jpg 300w, https:\/\/mlb55nihrfbl.i.optimole.com\/w:1024\/h:574\/q:mauto\/ig:avif\/http:\/\/ewelina-beben.profesjonalnyprogramista.pl\/wp-content\/uploads\/2025\/10\/construction-worker4-scaled.jpg 1024w, https:\/\/mlb55nihrfbl.i.optimole.com\/w:768\/h:430\/q:mauto\/ig:avif\/http:\/\/ewelina-beben.profesjonalnyprogramista.pl\/wp-content\/uploads\/2025\/10\/construction-worker4-scaled.jpg 768w, https:\/\/mlb55nihrfbl.i.optimole.com\/w:1536\/h:861\/q:mauto\/ig:avif\/http:\/\/ewelina-beben.profesjonalnyprogramista.pl\/wp-content\/uploads\/2025\/10\/construction-worker4-scaled.jpg 1536w, https:\/\/mlb55nihrfbl.i.optimole.com\/w:1920\/h:1076\/q:mauto\/ig:avif\/http:\/\/ewelina-beben.profesjonalnyprogramista.pl\/wp-content\/uploads\/2025\/10\/construction-worker4-scaled.jpg 2048w\" \/><\/figure>\n<\/div>\n\n\n\n<div class=\"wp-block-column is-vertically-aligned-center has-ti-bg-background-color has-background is-layout-flow wp-block-column-is-layout-flow\" style=\"padding-top:24px;padding-right:24px;padding-bottom:24px;padding-left:24px\">\n<p class=\"has-small-font-size\" style=\"text-transform:uppercase\"><strong><strong>WZORCE PROJEKTOWE<\/strong><\/strong><\/p>\n\n\n\n<h2 class=\"wp-block-heading has-medium-font-size\">Budowniczy<\/h2>\n\n\n\n<p>Poznaj wzorzec projektowy Budowniczy na przyk\u0142adzie prefabrykacji \u017celbetowej<\/p>\n\n\n\n<div class=\"wp-block-buttons is-layout-flex wp-block-buttons-is-layout-flex\">\n<div class=\"wp-block-button\"><a class=\"wp-block-button__link wp-element-button\" href=\"http:\/\/ewelina-beben.profesjonalnyprogramista.pl\/?p=194\">Dowiedz si\u0119 wi\u0119cej<\/a><\/div>\n<\/div>\n<\/div>\n<\/div>\n\n\n\n<div class=\"wp-block-columns alignwide has-ti-bg-background-color has-background is-layout-flex wp-container-core-columns-is-layout-af7919c9 wp-block-columns-is-layout-flex\" style=\"padding-top:0px;padding-right:0px;padding-bottom:0px;padding-left:0px\">\n<div class=\"wp-block-column has-ti-bg-background-color has-background is-layout-flow wp-container-core-column-is-layout-47e5a185 wp-block-column-is-layout-flow\">\n<figure class=\"wp-block-image size-large size-full\"><img data-opt-id=1405061493  data-opt-src=\"https:\/\/mlb55nihrfbl.i.optimole.com\/w:1024\/h:574\/q:mauto\/ig:avif\/http:\/\/ewelina-beben.profesjonalnyprogramista.pl\/wp-content\/uploads\/2025\/10\/portrait-male-engineer-working-field-engineers-day-celebration.jpg\"  decoding=\"async\" width=\"1024\" height=\"574\" src=\"data:image/svg+xml,%3Csvg%20viewBox%3D%220%200%201024%20574%22%20width%3D%221024%22%20height%3D%22574%22%20xmlns%3D%22http%3A%2F%2Fwww.w3.org%2F2000%2Fsvg%22%3E%3Crect%20width%3D%221024%22%20height%3D%22574%22%20fill%3D%22transparent%22%2F%3E%3C%2Fsvg%3E\" alt=\"\" class=\"wp-image-164\" old-srcset=\"https:\/\/mlb55nihrfbl.i.optimole.com\/w:1024\/h:574\/q:mauto\/ig:avif\/http:\/\/ewelina-beben.profesjonalnyprogramista.pl\/wp-content\/uploads\/2025\/10\/portrait-male-engineer-working-field-engineers-day-celebration-scaled.jpg 1024w, https:\/\/mlb55nihrfbl.i.optimole.com\/w:768\/h:430\/q:mauto\/ig:avif\/http:\/\/ewelina-beben.profesjonalnyprogramista.pl\/wp-content\/uploads\/2025\/10\/portrait-male-engineer-working-field-engineers-day-celebration-scaled.jpg 768w, https:\/\/mlb55nihrfbl.i.optimole.com\/w:300\/h:168\/q:mauto\/ig:avif\/http:\/\/ewelina-beben.profesjonalnyprogramista.pl\/wp-content\/uploads\/2025\/10\/portrait-male-engineer-working-field-engineers-day-celebration-scaled.jpg 300w, https:\/\/mlb55nihrfbl.i.optimole.com\/w:1536\/h:861\/q:mauto\/ig:avif\/http:\/\/ewelina-beben.profesjonalnyprogramista.pl\/wp-content\/uploads\/2025\/10\/portrait-male-engineer-working-field-engineers-day-celebration-scaled.jpg 1536w, https:\/\/mlb55nihrfbl.i.optimole.com\/w:1920\/h:1076\/q:mauto\/ig:avif\/http:\/\/ewelina-beben.profesjonalnyprogramista.pl\/wp-content\/uploads\/2025\/10\/portrait-male-engineer-working-field-engineers-day-celebration-scaled.jpg 2048w\" \/><\/figure>\n<\/div>\n\n\n\n<div class=\"wp-block-column is-vertically-aligned-center has-ti-bg-background-color has-background is-layout-flow wp-block-column-is-layout-flow\" style=\"padding-top:24px;padding-right:24px;padding-bottom:24px;padding-left:24px\">\n<p class=\"has-small-font-size\" style=\"text-transform:uppercase\"><strong><strong>WZORCE PROJEKTOWE<\/strong><\/strong><\/p>\n\n\n\n<h2 class=\"wp-block-heading has-medium-font-size\">Strategia<\/h2>\n\n\n\n<p>Poznaj wzorzec projektowy Strategia na przyk\u0142adzie prefabrykacji \u017celbetowej<\/p>\n\n\n\n<div class=\"wp-block-buttons is-layout-flex wp-block-buttons-is-layout-flex\">\n<div class=\"wp-block-button\"><a class=\"wp-block-button__link wp-element-button\" href=\"http:\/\/ewelina-beben.profesjonalnyprogramista.pl\/?p=163\">Dowiedz si\u0119 wi\u0119cej<\/a><\/div>\n<\/div>\n<\/div>\n<\/div>\n<\/div>\n\n\n\n<p><\/p>\n","protected":false},"excerpt":{"rendered":"<p>SOLID Zasada Odwr\u00f3cenia Zale\u017cno\u015bci Poznaj pi\u0105t\u0105 zasad\u0119 SOLID na przyk\u0142adzie prefabrykacji \u017celbetowej SOLID Zasada Segregacji Interfejs\u00f3w Poznaj czwart\u0105 zasad\u0119 SOLID na przyk\u0142adzie prefabrykacji \u017celbetowej SOLID Liskov Substitution Principle Poznaj trzeci\u0105 zasad\u0119 SOLID na przyk\u0142adzie prefabrykacji \u017celbetowej SOLID Open Close Principle Poznaj drug\u0105 zasad\u0119 SOLID na przyk\u0142adzie prefabrykacji \u017celbetowej SOLID Zasada pojedynczej odpowiedzialno\u015bci Poznaj pierwsz\u0105 zasad\u0119 [&hellip;]<\/p>\n","protected":false},"author":1,"featured_media":0,"parent":0,"menu_order":0,"comment_status":"closed","ping_status":"closed","template":"","meta":{"footnotes":""},"class_list":["post-85","page","type-page","status-publish","hentry"],"_links":{"self":[{"href":"http:\/\/ewelina-beben.profesjonalnyprogramista.pl\/index.php?rest_route=\/wp\/v2\/pages\/85","targetHints":{"allow":["GET"]}}],"collection":[{"href":"http:\/\/ewelina-beben.profesjonalnyprogramista.pl\/index.php?rest_route=\/wp\/v2\/pages"}],"about":[{"href":"http:\/\/ewelina-beben.profesjonalnyprogramista.pl\/index.php?rest_route=\/wp\/v2\/types\/page"}],"author":[{"embeddable":true,"href":"http:\/\/ewelina-beben.profesjonalnyprogramista.pl\/index.php?rest_route=\/wp\/v2\/users\/1"}],"replies":[{"embeddable":true,"href":"http:\/\/ewelina-beben.profesjonalnyprogramista.pl\/index.php?rest_route=%2Fwp%2Fv2%2Fcomments&post=85"}],"version-history":[{"count":14,"href":"http:\/\/ewelina-beben.profesjonalnyprogramista.pl\/index.php?rest_route=\/wp\/v2\/pages\/85\/revisions"}],"predecessor-version":[{"id":285,"href":"http:\/\/ewelina-beben.profesjonalnyprogramista.pl\/index.php?rest_route=\/wp\/v2\/pages\/85\/revisions\/285"}],"wp:attachment":[{"href":"http:\/\/ewelina-beben.profesjonalnyprogramista.pl\/index.php?rest_route=%2Fwp%2Fv2%2Fmedia&parent=85"}],"curies":[{"name":"wp","href":"https:\/\/api.w.org\/{rel}","templated":true}]}}